{"id":53,"date":"2019-06-26T12:05:28","date_gmt":"2019-06-26T10:05:28","guid":{"rendered":"http:\/\/www.autrechose.fr\/?page_id=53"},"modified":"2022-05-02T17:57:27","modified_gmt":"2022-05-02T15:57:27","slug":"about","status":"publish","type":"page","link":"https:\/\/www.autrechose.fr\/en\/about\/","title":{"rendered":"A propos"},"content":{"rendered":"\n<h4 class=\"wp-block-heading\">AUTRECHOSE, FRANCE<\/h4>\n\n\n\n<p><strong>Amazing visual effects!<\/strong><\/p>\n\n\n\n<p align=\"justify\">AutreChose is a studio specialized in digital visual effects. Autrechose\u2019s team amounts 2D &#038; 3D digital artists dedicated to the breakdown, the supervision and the creation of all your visual effects.<\/p>\n\n\n\n<p align=\"justify\">We all share a passion for image and are looking forward to create new relationship, thanks to great artistic projects. Our creativity and our experience are at your disposal and at the service of your visual effects.<\/p>\n\n\n<ul class=\"socials-links\"><li><a href=\"https:\/\/fr-fr.facebook.com\/autrechose.vfx\/about\/\" class=\"icon-facebook\"><\/a><\/li><li><a href=\"https:\/\/vimeo.com\/autrechose\" class=\"icon-vimeo\"><\/a><\/li><li><a href=\"https:\/\/fr.linkedin.com\/company\/autrechose\" class=\"icon-linkedin\"><\/a><\/li><\/ul>\n\n\n&nbsp;\n\n\n\n<h4 class=\"wp-block-heading\" id=\"mce_23\">OUR PARTNERS<\/h4>\n\n\n\n<div class=\"wp-block-columns has-3-columns is-layout-flex wp-container-core-columns-is-layout-9d6595d7 wp-block-columns-is-layout-flex\">\n<div class=\"wp-block-column is-layout-flow wp-block-column-is-layout-flow\">\n<p>Brussels, Belgium<\/p>\n\n\n\n<figure class=\"wp-block-image is-resized\"><a href=\"https:\/\/bedigital.be\" target=\"_blank\" rel=\"noreferrer noopener\"><img loading=\"lazy\" decoding=\"async\" src=\"https:\/\/www.autrechose.fr\/wp-content\/uploads\/2019\/06\/autrechose-be-contact.svg\" alt=\"\" class=\"wp-image-335\" width=\"100\" height=\"51\"\/><\/a><\/figure>\n<\/div>\n\n\n\n<div class=\"wp-block-column is-layout-flow wp-block-column-is-layout-flow\">\n<p>La Hulpe, Belgium<\/p>\n\n\n\n<figure class=\"wp-block-image is-resized\"><a href=\"http:\/\/www.lautrecompagnie.be\/\" target=\"_blank\" rel=\"noreferrer noopener\"><img loading=\"lazy\" decoding=\"async\" src=\"https:\/\/www.autrechose.fr\/wp-content\/uploads\/2019\/06\/autrecie-contact.svg\" alt=\"\" class=\"wp-image-339\" width=\"131\" height=\"92\"\/><\/a><\/figure>\n<\/div>\n\n\n\n<div class=\"wp-block-column is-layout-flow wp-block-column-is-layout-flow\">\n<p>Kehlen, Luxembourg<\/p>\n\n\n\n<figure class=\"wp-block-image is-resized\"><a href=\"https:\/\/luxdigital.lu\/\" target=\"_blank\" rel=\"noreferrer noopener\"><img loading=\"lazy\" decoding=\"async\" src=\"https:\/\/www.autrechose.fr\/wp-content\/uploads\/2019\/06\/autrechose-lux-contact.svg\" alt=\"\" class=\"wp-image-337\" width=\"100\" height=\"51\"\/><\/a><\/figure>\n<\/div>\n<\/div>\n\n\n\n&nbsp;\n\n\n\n<h4 class=\"wp-block-heading\" id=\"mce_23\">AUTRECHOSE IS A MEMBER OF V2F<\/h4>\n\n\n\n<figure class=\"wp-block-image is-resized\"><a href=\"http:\/\/WWW.v2forg.org\" target=\"_blank\" rel=\"noreferrer noopener\"><img loading=\"lazy\" decoding=\"async\" src=\"https:\/\/www.autrechose.fr\/wp-content\/uploads\/2019\/07\/V2F.png\" alt=\"\" class=\"wp-image-461\" width=\"93\" height=\"55\"\/><\/a><\/figure>\n","protected":false},"excerpt":{"rendered":"<p>AUTRECHOSE, FRANCE Amazing visual effects! AutreChose is a studio specialized in digital visual effects. Autrechose\u2019s team amounts 2D &#038; 3D digital artists dedicated to the breakdown, the supervision and the creation of all your visual effects. We all share a passion for image and are looking forward to create new relationship, thanks to great artistic [&hellip;]<\/p>\n","protected":false},"author":2,"featured_media":541,"parent":0,"menu_order":0,"comment_status":"closed","ping_status":"closed","template":"about.php","meta":{"_acf_changed":false,"footnotes":""},"class_list":["post-53","page","type-page","status-publish","has-post-thumbnail","hentry"],"acf":[],"yoast_head":"<!-- This site is optimized with the Yoast SEO plugin v27.4 - https:\/\/yoast.com\/product\/yoast-seo-wordpress\/ -->\n<title>A propos - Autrechose<\/title>\n<meta name=\"description\" content=\"soci\u00e9t\u00e9 de post-production sp\u00e9cialis\u00e9e dans les effets visuels, bas\u00e9e au c\u0153ur de Paris.\" \/>\n<meta name=\"robots\" content=\"index, follow, max-snippet:-1, max-image-preview:large, max-video-preview:-1\" \/>\n<link rel=\"canonical\" href=\"https:\/\/www.autrechose.fr\/en\/about\/\" \/>\n<meta property=\"og:locale\" content=\"en_US\" \/>\n<meta property=\"og:type\" content=\"article\" \/>\n<meta property=\"og:title\" content=\"A propos - Autrechose\" \/>\n<meta property=\"og:description\" content=\"soci\u00e9t\u00e9 de post-production sp\u00e9cialis\u00e9e dans les effets visuels, bas\u00e9e au c\u0153ur de Paris.\" \/>\n<meta property=\"og:url\" content=\"https:\/\/www.autrechose.fr\/en\/about\/\" \/>\n<meta property=\"og:site_name\" content=\"Autrechose\" \/>\n<meta property=\"article:publisher\" content=\"https:\/\/fr-fr.facebook.com\/autrechose.vfx\/about\/\" \/>\n<meta property=\"article:modified_time\" content=\"2022-05-02T15:57:27+00:00\" \/>\n<meta property=\"og:image\" content=\"https:\/\/www.autrechose.fr\/wp-content\/uploads\/2019\/07\/Affiche_A_PROPOS_2.jpg\" \/>\n\t<meta property=\"og:image:width\" content=\"464\" \/>\n\t<meta property=\"og:image:height\" content=\"669\" \/>\n\t<meta property=\"og:image:type\" content=\"image\/jpeg\" \/>\n<meta name=\"twitter:card\" content=\"summary_large_image\" \/>\n<meta name=\"twitter:label1\" content=\"Est. reading time\" \/>\n\t<meta name=\"twitter:data1\" content=\"2 minutes\" \/>\n<script type=\"application\/ld+json\" class=\"yoast-schema-graph\">{\"@context\":\"https:\\\/\\\/schema.org\",\"@graph\":[{\"@type\":\"WebPage\",\"@id\":\"https:\\\/\\\/www.autrechose.fr\\\/en\\\/about\\\/\",\"url\":\"https:\\\/\\\/www.autrechose.fr\\\/en\\\/about\\\/\",\"name\":\"A propos - Autrechose\",\"isPartOf\":{\"@id\":\"https:\\\/\\\/www.autrechose.fr\\\/en\\\/#website\"},\"primaryImageOfPage\":{\"@id\":\"https:\\\/\\\/www.autrechose.fr\\\/en\\\/about\\\/#primaryimage\"},\"image\":{\"@id\":\"https:\\\/\\\/www.autrechose.fr\\\/en\\\/about\\\/#primaryimage\"},\"thumbnailUrl\":\"https:\\\/\\\/www.autrechose.fr\\\/wp-content\\\/uploads\\\/2019\\\/07\\\/Affiche_A_PROPOS_2.jpg\",\"datePublished\":\"2019-06-26T10:05:28+00:00\",\"dateModified\":\"2022-05-02T15:57:27+00:00\",\"description\":\"soci\u00e9t\u00e9 de post-production sp\u00e9cialis\u00e9e dans les effets visuels, bas\u00e9e au c\u0153ur de Paris.\",\"breadcrumb\":{\"@id\":\"https:\\\/\\\/www.autrechose.fr\\\/en\\\/about\\\/#breadcrumb\"},\"inLanguage\":\"en-US\",\"potentialAction\":[{\"@type\":\"ReadAction\",\"target\":[\"https:\\\/\\\/www.autrechose.fr\\\/en\\\/about\\\/\"]}]},{\"@type\":\"ImageObject\",\"inLanguage\":\"en-US\",\"@id\":\"https:\\\/\\\/www.autrechose.fr\\\/en\\\/about\\\/#primaryimage\",\"url\":\"https:\\\/\\\/www.autrechose.fr\\\/wp-content\\\/uploads\\\/2019\\\/07\\\/Affiche_A_PROPOS_2.jpg\",\"contentUrl\":\"https:\\\/\\\/www.autrechose.fr\\\/wp-content\\\/uploads\\\/2019\\\/07\\\/Affiche_A_PROPOS_2.jpg\",\"width\":464,\"height\":669},{\"@type\":\"BreadcrumbList\",\"@id\":\"https:\\\/\\\/www.autrechose.fr\\\/en\\\/about\\\/#breadcrumb\",\"itemListElement\":[{\"@type\":\"ListItem\",\"position\":1,\"name\":\"Accueil\",\"item\":\"https:\\\/\\\/www.autrechose.fr\\\/en\\\/\"},{\"@type\":\"ListItem\",\"position\":2,\"name\":\"A propos\"}]},{\"@type\":\"WebSite\",\"@id\":\"https:\\\/\\\/www.autrechose.fr\\\/en\\\/#website\",\"url\":\"https:\\\/\\\/www.autrechose.fr\\\/en\\\/\",\"name\":\"Autrechose\",\"description\":\"Effets sp\u00e9ciaux VFX\",\"publisher\":{\"@id\":\"https:\\\/\\\/www.autrechose.fr\\\/en\\\/#organization\"},\"potentialAction\":[{\"@type\":\"SearchAction\",\"target\":{\"@type\":\"EntryPoint\",\"urlTemplate\":\"https:\\\/\\\/www.autrechose.fr\\\/en\\\/?s={search_term_string}\"},\"query-input\":{\"@type\":\"PropertyValueSpecification\",\"valueRequired\":true,\"valueName\":\"search_term_string\"}}],\"inLanguage\":\"en-US\"},{\"@type\":\"Organization\",\"@id\":\"https:\\\/\\\/www.autrechose.fr\\\/en\\\/#organization\",\"name\":\"autrechose vfx\",\"url\":\"https:\\\/\\\/www.autrechose.fr\\\/en\\\/\",\"logo\":{\"@type\":\"ImageObject\",\"inLanguage\":\"en-US\",\"@id\":\"https:\\\/\\\/www.autrechose.fr\\\/en\\\/#\\\/schema\\\/logo\\\/image\\\/\",\"url\":\"https:\\\/\\\/www.autrechose.fr\\\/wp-content\\\/uploads\\\/2019\\\/06\\\/logo-autre-chose.svg\",\"contentUrl\":\"https:\\\/\\\/www.autrechose.fr\\\/wp-content\\\/uploads\\\/2019\\\/06\\\/logo-autre-chose.svg\",\"width\":1,\"height\":1,\"caption\":\"autrechose vfx\"},\"image\":{\"@id\":\"https:\\\/\\\/www.autrechose.fr\\\/en\\\/#\\\/schema\\\/logo\\\/image\\\/\"},\"sameAs\":[\"https:\\\/\\\/fr-fr.facebook.com\\\/autrechose.vfx\\\/about\\\/\",\"https:\\\/\\\/fr.linkedin.com\\\/company\\\/autrechose\"]}]}<\/script>\n<!-- \/ Yoast SEO plugin. -->","yoast_head_json":{"title":"A propos - Autrechose","description":"soci\u00e9t\u00e9 de post-production sp\u00e9cialis\u00e9e dans les effets visuels, bas\u00e9e au c\u0153ur de Paris.","robots":{"index":"index","follow":"follow","max-snippet":"max-snippet:-1","max-image-preview":"max-image-preview:large","max-video-preview":"max-video-preview:-1"},"canonical":"https:\/\/www.autrechose.fr\/en\/about\/","og_locale":"en_US","og_type":"article","og_title":"A propos - Autrechose","og_description":"soci\u00e9t\u00e9 de post-production sp\u00e9cialis\u00e9e dans les effets visuels, bas\u00e9e au c\u0153ur de Paris.","og_url":"https:\/\/www.autrechose.fr\/en\/about\/","og_site_name":"Autrechose","article_publisher":"https:\/\/fr-fr.facebook.com\/autrechose.vfx\/about\/","article_modified_time":"2022-05-02T15:57:27+00:00","og_image":[{"width":464,"height":669,"url":"https:\/\/www.autrechose.fr\/wp-content\/uploads\/2019\/07\/Affiche_A_PROPOS_2.jpg","type":"image\/jpeg"}],"twitter_card":"summary_large_image","twitter_misc":{"Est. reading time":"2 minutes"},"schema":{"@context":"https:\/\/schema.org","@graph":[{"@type":"WebPage","@id":"https:\/\/www.autrechose.fr\/en\/about\/","url":"https:\/\/www.autrechose.fr\/en\/about\/","name":"A propos - Autrechose","isPartOf":{"@id":"https:\/\/www.autrechose.fr\/en\/#website"},"primaryImageOfPage":{"@id":"https:\/\/www.autrechose.fr\/en\/about\/#primaryimage"},"image":{"@id":"https:\/\/www.autrechose.fr\/en\/about\/#primaryimage"},"thumbnailUrl":"https:\/\/www.autrechose.fr\/wp-content\/uploads\/2019\/07\/Affiche_A_PROPOS_2.jpg","datePublished":"2019-06-26T10:05:28+00:00","dateModified":"2022-05-02T15:57:27+00:00","description":"soci\u00e9t\u00e9 de post-production sp\u00e9cialis\u00e9e dans les effets visuels, bas\u00e9e au c\u0153ur de Paris.","breadcrumb":{"@id":"https:\/\/www.autrechose.fr\/en\/about\/#breadcrumb"},"inLanguage":"en-US","potentialAction":[{"@type":"ReadAction","target":["https:\/\/www.autrechose.fr\/en\/about\/"]}]},{"@type":"ImageObject","inLanguage":"en-US","@id":"https:\/\/www.autrechose.fr\/en\/about\/#primaryimage","url":"https:\/\/www.autrechose.fr\/wp-content\/uploads\/2019\/07\/Affiche_A_PROPOS_2.jpg","contentUrl":"https:\/\/www.autrechose.fr\/wp-content\/uploads\/2019\/07\/Affiche_A_PROPOS_2.jpg","width":464,"height":669},{"@type":"BreadcrumbList","@id":"https:\/\/www.autrechose.fr\/en\/about\/#breadcrumb","itemListElement":[{"@type":"ListItem","position":1,"name":"Accueil","item":"https:\/\/www.autrechose.fr\/en\/"},{"@type":"ListItem","position":2,"name":"A propos"}]},{"@type":"WebSite","@id":"https:\/\/www.autrechose.fr\/en\/#website","url":"https:\/\/www.autrechose.fr\/en\/","name":"Autrechose","description":"Effets sp\u00e9ciaux VFX","publisher":{"@id":"https:\/\/www.autrechose.fr\/en\/#organization"},"potentialAction":[{"@type":"SearchAction","target":{"@type":"EntryPoint","urlTemplate":"https:\/\/www.autrechose.fr\/en\/?s={search_term_string}"},"query-input":{"@type":"PropertyValueSpecification","valueRequired":true,"valueName":"search_term_string"}}],"inLanguage":"en-US"},{"@type":"Organization","@id":"https:\/\/www.autrechose.fr\/en\/#organization","name":"autrechose vfx","url":"https:\/\/www.autrechose.fr\/en\/","logo":{"@type":"ImageObject","inLanguage":"en-US","@id":"https:\/\/www.autrechose.fr\/en\/#\/schema\/logo\/image\/","url":"https:\/\/www.autrechose.fr\/wp-content\/uploads\/2019\/06\/logo-autre-chose.svg","contentUrl":"https:\/\/www.autrechose.fr\/wp-content\/uploads\/2019\/06\/logo-autre-chose.svg","width":1,"height":1,"caption":"autrechose vfx"},"image":{"@id":"https:\/\/www.autrechose.fr\/en\/#\/schema\/logo\/image\/"},"sameAs":["https:\/\/fr-fr.facebook.com\/autrechose.vfx\/about\/","https:\/\/fr.linkedin.com\/company\/autrechose"]}]}},"_links":{"self":[{"href":"https:\/\/www.autrechose.fr\/en\/wp-json\/wp\/v2\/pages\/53","targetHints":{"allow":["GET"]}}],"collection":[{"href":"https:\/\/www.autrechose.fr\/en\/wp-json\/wp\/v2\/pages"}],"about":[{"href":"https:\/\/www.autrechose.fr\/en\/wp-json\/wp\/v2\/types\/page"}],"author":[{"embeddable":true,"href":"https:\/\/www.autrechose.fr\/en\/wp-json\/wp\/v2\/users\/2"}],"replies":[{"embeddable":true,"href":"https:\/\/www.autrechose.fr\/en\/wp-json\/wp\/v2\/comments?post=53"}],"version-history":[{"count":3,"href":"https:\/\/www.autrechose.fr\/en\/wp-json\/wp\/v2\/pages\/53\/revisions"}],"predecessor-version":[{"id":897,"href":"https:\/\/www.autrechose.fr\/en\/wp-json\/wp\/v2\/pages\/53\/revisions\/897"}],"wp:featuredmedia":[{"embeddable":true,"href":"https:\/\/www.autrechose.fr\/en\/wp-json\/wp\/v2\/media\/541"}],"wp:attachment":[{"href":"https:\/\/www.autrechose.fr\/en\/wp-json\/wp\/v2\/media?parent=53"}],"curies":[{"name":"wp","href":"https:\/\/api.w.org\/{rel}","templated":true}]}}